{"id":648,"date":"2026-02-18T19:11:49","date_gmt":"2026-02-18T19:11:49","guid":{"rendered":"https:\/\/grossman.paginas24x7.com\/?page_id=648"},"modified":"2026-02-18T23:22:17","modified_gmt":"2026-02-18T23:22:17","slug":"planes-de-prevision","status":"publish","type":"page","link":"https:\/\/grossman.paginas24x7.com\/index.php\/planes-de-prevision\/","title":{"rendered":"Planes de prevision"},"content":{"rendered":"\t\t<div data-elementor-type=\"wp-page\" data-elementor-id=\"648\" class=\"elementor elementor-648\">\n\t\t\t\t\t\t<section data-ka-cursor-size=\"1\" class=\"elementor-section elementor-top-section elementor-element elementor-element-e042eea elementor-section-height-min-height elementor-section-content-middle elementor-section-boxed elementor-section-height-default elementor-section-items-middle wpr-particle-no wpr-jarallax-no wpr-parallax-no wpr-sticky-section-no\" data-id=\"e042eea\" data-element_type=\"section\" data-e-type=\"section\" data-settings=\"{&quot;background_background&quot;:&quot;classic&quot;,&quot;kng_cursor_interaction&quot;:&quot;default&quot;,&quot;kng_cursor_magnetic&quot;:&quot;none&quot;,&quot;kng_cursor_size_multiplier&quot;:{&quot;unit&quot;:&quot;px&quot;,&quot;size&quot;:1,&quot;sizes&quot;:[]}}\">\n\t\t\t\t\t\t\t<div class=\"elementor-background-overlay\"><\/div>\n\t\t\t\t\t\t\t<div class=\"elementor-container elementor-column-gap-default\">\n\t\t\t\t\t<div data-ka-cursor-size=\"1\" class=\"elementor-column elementor-col-100 elementor-top-column elementor-element elementor-element-9403d53\" data-id=\"9403d53\" data-element_type=\"column\" data-e-type=\"column\" data-settings=\"{&quot;kng_cursor_interaction&quot;:&quot;default&quot;,&quot;kng_cursor_magnetic&quot;:&quot;none&quot;,&quot;kng_cursor_size_multiplier&quot;:{&quot;unit&quot;:&quot;px&quot;,&quot;size&quot;:1,&quot;sizes&quot;:[]}}\">\n\t\t\t<div class=\"elementor-widget-wrap elementor-element-populated\">\n\t\t\t\t\t\t<div data-ka-cursor-size=\"1\" class=\"elementor-element elementor-element-d1b8163 elementor-widget elementor-widget-heading\" data-id=\"d1b8163\" data-element_type=\"widget\" data-e-type=\"widget\" data-settings=\"{&quot;kng_cursor_interaction&quot;:&quot;default&quot;,&quot;kng_cursor_magnetic&quot;:&quot;none&quot;,&quot;kng_cursor_size_multiplier&quot;:{&quot;unit&quot;:&quot;px&quot;,&quot;size&quot;:1,&quot;sizes&quot;:[]}}\" data-widget_type=\"heading.default\">\n\t\t\t\t\t<h2 class=\"elementor-heading-title elementor-size-default\">Servicios funerarios\nen la Ciudad de M\u00e9xico<\/h2>\t\t\t\t<\/div>\n\t\t\t\t<div data-ka-cursor-size=\"1\" class=\"elementor-element elementor-element-5731024 wpr-button-icon-style-inline wpr-button-icon-position-right elementor-widget elementor-widget-wpr-button\" data-id=\"5731024\" data-element_type=\"widget\" data-e-type=\"widget\" data-settings=\"{&quot;kng_cursor_interaction&quot;:&quot;default&quot;,&quot;kng_cursor_magnetic&quot;:&quot;none&quot;,&quot;kng_cursor_size_multiplier&quot;:{&quot;unit&quot;:&quot;px&quot;,&quot;size&quot;:1,&quot;sizes&quot;:[]}}\" data-widget_type=\"wpr-button.default\">\n\t\t\t\t\t\t\n\t\t\t\n\t\t\n\t\t<div class=\"wpr-button-wrap elementor-clearfix\">\n\t\t<a class=\"wpr-button wpr-button-effect wpr-button-none\" data-text=\"\" href=\"https:\/\/grossman.paginas24x7.com\/index.php\/servicios\/\">\n\t\t\t\n\t\t\t<span class=\"wpr-button-content\">\n\t\t\t\t\t\t\t\t\t<span class=\"wpr-button-text\">Mas Informaci\u00f3n<\/span>\n\t\t\t\t\t\t\t\t\n\t\t\t\t\t\t\t<\/span>\n\t\t<\/a>\n\n\t\t\t\t<\/div>\n\t\n\t\n\t\t\t\t\t<\/div>\n\t\t\t\t\t<\/div>\n\t\t<\/div>\n\t\t\t\t\t<\/div>\n\t\t<\/section>\n\t\t<div data-ka-cursor-size=\"1\" class=\"elementor-element elementor-element-c909263 e-flex e-con-boxed wpr-particle-no wpr-jarallax-no wpr-parallax-no wpr-sticky-section-no e-con e-parent\" data-id=\"c909263\" data-element_type=\"container\" data-e-type=\"container\" data-settings=\"{&quot;kng_cursor_interaction&quot;:&quot;default&quot;,&quot;kng_cursor_magnetic&quot;:&quot;none&quot;,&quot;kng_cursor_size_multiplier&quot;:{&quot;unit&quot;:&quot;px&quot;,&quot;size&quot;:1,&quot;sizes&quot;:[]}}\">\n\t\t\t\t\t<div class=\"e-con-inner\">\n\t\t\t\t<div data-ka-cursor-size=\"1\" class=\"elementor-element elementor-element-830e4db elementor-widget elementor-widget-html\" data-id=\"830e4db\" data-element_type=\"widget\" data-e-type=\"widget\" data-settings=\"{&quot;kng_cursor_interaction&quot;:&quot;default&quot;,&quot;kng_cursor_magnetic&quot;:&quot;none&quot;,&quot;kng_cursor_size_multiplier&quot;:{&quot;unit&quot;:&quot;px&quot;,&quot;size&quot;:1,&quot;sizes&quot;:[]}}\" data-widget_type=\"html.default\">\n\t\t\t\t\t<section class=\"planes-funeraria\">\r\n  <div class=\"plan\">\r\n    <h3>Servicio de Cremaci\u00f3n Directa<\/h3>\r\n    <p class=\"precio\">$8,700<\/p>\r\n    <p class=\"descripcion\">Acompa\u00f1amiento sencillo y digno para una despedida inmediata.<\/p>\r\n  <\/div>\r\n\r\n  <div class=\"plan\">\r\n    <h3>Servicio completo de cremaci\u00f3n<\/h3>\r\n    <p class=\"precio\">$12,760<\/p>\r\n    <p class=\"descripcion\">Velaci\u00f3n en capilla o domicilio, urna b\u00e1sica de madera y ata\u00fad con tapa de cruz en pr\u00e9stamo.<\/p>\r\n  <\/div>\r\n\r\n  <div class=\"plan\">\r\n    <h3>Servicio Diamante de Cremaci\u00f3n<\/h3>\r\n    <p class=\"precio\">$17,400<\/p>\r\n    <p class=\"descripcion\">Velaci\u00f3n en capilla o domicilio, urna de \u00f3nix y ata\u00fad barnizado modelo Punta Diamante doble tapa en pr\u00e9stamo.<\/p>\r\n  <\/div>\r\n\r\n  <div class=\"plan\">\r\n    <h3>Servicio de Inhumaci\u00f3n<\/h3>\r\n    <p class=\"precio\">$12,760<\/p>\r\n    <p class=\"descripcion\">Ata\u00fad met\u00e1lico. No incluye fosa ni gastos en el pante\u00f3n.<br>Con ata\u00fad de madera: $18,000<\/p>\r\n  <\/div>\r\n<\/section>\r\n\t\t\t\t<\/div>\n\t\t\t\t\t<\/div>\n\t\t\t\t<\/div>\n\t\t\t\t<\/div>\n\t\t","protected":false},"excerpt":{"rendered":"<p>Servicios funerarios en la Ciudad de M\u00e9xico Mas Informaci\u00f3n Servicio de Cremaci\u00f3n Directa $8,700 Acompa\u00f1amiento sencillo y digno para una despedida inmediata. Servicio completo de cremaci\u00f3n $12,760 Velaci\u00f3n en capilla o domicilio, urna b\u00e1sica de madera y ata\u00fad con tapa de cruz en pr\u00e9stamo. Servicio Diamante de Cremaci\u00f3n $17,400 Velaci\u00f3n en capilla o domicilio, urna de \u00f3nix y ata\u00fad barnizado modelo Punta Diamante doble tapa en pr\u00e9stamo. Servicio de Inhumaci\u00f3n $12,760 Ata\u00fad met\u00e1lico. No incluye fosa ni gastos en el pante\u00f3n.Con ata\u00fad de madera: $18,000<\/p>\n","protected":false},"author":1,"featured_media":0,"parent":0,"menu_order":0,"comment_status":"closed","ping_status":"closed","template":"","meta":{"site-sidebar-layout":"no-sidebar","site-content-layout":"","ast-site-content-layout":"full-width-container","site-content-style":"default","site-sidebar-style":"default","ast-global-header-display":"","ast-banner-title-visibility":"","ast-main-header-display":"","ast-hfb-above-header-display":"","ast-hfb-below-header-display":"","ast-hfb-mobile-header-display":"","site-post-title":"","ast-breadcrumbs-content":"","ast-featured-img":"disabled","footer-sml-layout":"","ast-disable-related-posts":"","theme-transparent-header-meta":"","adv-header-id-meta":"","stick-header-meta":"","header-above-stick-meta":"","header-main-stick-meta":"","header-below-stick-meta":"","astra-migrate-meta-layouts":"default","ast-page-background-enabled":"default","ast-page-background-meta":{"desktop":{"background-color":"var(--ast-global-color-5)","background-image":"","background-repeat":"repeat","background-position":"center center","background-size":"auto","background-attachment":"scroll","background-type":"","background-media":"","overlay-type":"","overlay-color":"","overlay-opacity":"","overlay-gradient":""},"tablet":{"background-color":"","background-image":"","background-repeat":"repeat","background-position":"center center","background-size":"auto","background-attachment":"scroll","background-type":"","background-media":"","overlay-type":"","overlay-color":"","overlay-opacity":"","overlay-gradient":""},"mobile":{"background-color":"","background-image":"","background-repeat":"repeat","background-position":"center center","background-size":"auto","background-attachment":"scroll","background-type":"","background-media":"","overlay-type":"","overlay-color":"","overlay-opacity":"","overlay-gradient":""}},"ast-content-background-meta":{"desktop":{"background-color":"var(--ast-global-color-4)","background-image":"","background-repeat":"repeat","background-position":"center center","background-size":"auto","background-attachment":"scroll","background-type":"","background-media":"","overlay-type":"","overlay-color":"","overlay-opacity":"","overlay-gradient":""},"tablet":{"background-color":"var(--ast-global-color-4)","background-image":"","background-repeat":"repeat","background-position":"center center","background-size":"auto","background-attachment":"scroll","background-type":"","background-media":"","overlay-type":"","overlay-color":"","overlay-opacity":"","overlay-gradient":""},"mobile":{"background-color":"var(--ast-global-color-4)","background-image":"","background-repeat":"repeat","background-position":"center center","background-size":"auto","background-attachment":"scroll","background-type":"","background-media":"","overlay-type":"","overlay-color":"","overlay-opacity":"","overlay-gradient":""}},"footnotes":""},"class_list":["post-648","page","type-page","status-publish","hentry"],"yoast_head":"<!-- This site is optimized with the Yoast SEO plugin v27.0 - https:\/\/yoast.com\/product\/yoast-seo-wordpress\/ -->\n<title>Planes de prevision - Marketing Agency<\/title>\n<meta name=\"description\" content=\"Planes de previsi\u00f3n funerarios con respeto, confianza y tranquilidad para tu familia.\" \/>\n<meta name=\"robots\" content=\"index, follow, max-snippet:-1, max-image-preview:large, max-video-preview:-1\" \/>\n<link rel=\"canonical\" href=\"https:\/\/grossman.paginas24x7.com\/index.php\/planes-de-prevision\/\" \/>\n<meta property=\"og:locale\" content=\"es_ES\" \/>\n<meta property=\"og:type\" content=\"article\" \/>\n<meta property=\"og:title\" content=\"Planes de prevision - Marketing Agency\" \/>\n<meta property=\"og:description\" content=\"Planes de previsi\u00f3n funerarios con respeto, confianza y tranquilidad para tu familia.\" \/>\n<meta property=\"og:url\" content=\"https:\/\/grossman.paginas24x7.com\/index.php\/planes-de-prevision\/\" \/>\n<meta property=\"og:site_name\" content=\"Marketing Agency\" \/>\n<meta property=\"article:modified_time\" content=\"2026-02-18T23:22:17+00:00\" \/>\n<meta name=\"twitter:card\" content=\"summary_large_image\" \/>\n<meta name=\"twitter:label1\" content=\"Tiempo de lectura\" \/>\n\t<meta name=\"twitter:data1\" content=\"1 minuto\" \/>\n<script type=\"application\/ld+json\" class=\"yoast-schema-graph\">{\"@context\":\"https:\/\/schema.org\",\"@graph\":[{\"@type\":\"WebPage\",\"@id\":\"https:\/\/grossman.paginas24x7.com\/index.php\/planes-de-prevision\/\",\"url\":\"https:\/\/grossman.paginas24x7.com\/index.php\/planes-de-prevision\/\",\"name\":\"Planes de prevision - Marketing Agency\",\"isPartOf\":{\"@id\":\"https:\/\/grossman.paginas24x7.com\/#website\"},\"datePublished\":\"2026-02-18T19:11:49+00:00\",\"dateModified\":\"2026-02-18T23:22:17+00:00\",\"description\":\"Planes de previsi\u00f3n funerarios con respeto, confianza y tranquilidad para tu familia.\",\"breadcrumb\":{\"@id\":\"https:\/\/grossman.paginas24x7.com\/index.php\/planes-de-prevision\/#breadcrumb\"},\"inLanguage\":\"es\",\"potentialAction\":[{\"@type\":\"ReadAction\",\"target\":[\"https:\/\/grossman.paginas24x7.com\/index.php\/planes-de-prevision\/\"]}]},{\"@type\":\"BreadcrumbList\",\"@id\":\"https:\/\/grossman.paginas24x7.com\/index.php\/planes-de-prevision\/#breadcrumb\",\"itemListElement\":[{\"@type\":\"ListItem\",\"position\":1,\"name\":\"Portada\",\"item\":\"https:\/\/grossman.paginas24x7.com\/\"},{\"@type\":\"ListItem\",\"position\":2,\"name\":\"Planes de prevision\"}]},{\"@type\":\"WebSite\",\"@id\":\"https:\/\/grossman.paginas24x7.com\/#website\",\"url\":\"https:\/\/grossman.paginas24x7.com\/\",\"name\":\"Marketing Agency\",\"description\":\"Somos una empresa funeraria con amplia experiencia en el sector, comprometida en brindar acompa\u00f1amiento digno, respetuoso y humano a las familias en los momentos m\u00e1s sensibles de la vida. Contamos con un equipo de profesionales capacitados y con instalaciones propias que nos permiten ofrecer un servicio integral, confiable y oportuno.\",\"publisher\":{\"@id\":\"https:\/\/grossman.paginas24x7.com\/#organization\"},\"potentialAction\":[{\"@type\":\"SearchAction\",\"target\":{\"@type\":\"EntryPoint\",\"urlTemplate\":\"https:\/\/grossman.paginas24x7.com\/?s={search_term_string}\"},\"query-input\":{\"@type\":\"PropertyValueSpecification\",\"valueRequired\":true,\"valueName\":\"search_term_string\"}}],\"inLanguage\":\"es\"},{\"@type\":\"Organization\",\"@id\":\"https:\/\/grossman.paginas24x7.com\/#organization\",\"name\":\"Marketing Agency\",\"url\":\"https:\/\/grossman.paginas24x7.com\/\",\"logo\":{\"@type\":\"ImageObject\",\"inLanguage\":\"es\",\"@id\":\"https:\/\/grossman.paginas24x7.com\/#\/schema\/logo\/image\/\",\"url\":\"https:\/\/grossman.paginas24x7.com\/wp-content\/uploads\/2026\/02\/Copilot_20260217_081414-e1771364180764.png\",\"contentUrl\":\"https:\/\/grossman.paginas24x7.com\/wp-content\/uploads\/2026\/02\/Copilot_20260217_081414-e1771364180764.png\",\"width\":200,\"height\":133,\"caption\":\"Marketing Agency\"},\"image\":{\"@id\":\"https:\/\/grossman.paginas24x7.com\/#\/schema\/logo\/image\/\"}}]}<\/script>\n<!-- \/ Yoast SEO plugin. -->","yoast_head_json":{"title":"Planes de prevision - Marketing Agency","description":"Planes de previsi\u00f3n funerarios con respeto, confianza y tranquilidad para tu familia.","robots":{"index":"index","follow":"follow","max-snippet":"max-snippet:-1","max-image-preview":"max-image-preview:large","max-video-preview":"max-video-preview:-1"},"canonical":"https:\/\/grossman.paginas24x7.com\/index.php\/planes-de-prevision\/","og_locale":"es_ES","og_type":"article","og_title":"Planes de prevision - Marketing Agency","og_description":"Planes de previsi\u00f3n funerarios con respeto, confianza y tranquilidad para tu familia.","og_url":"https:\/\/grossman.paginas24x7.com\/index.php\/planes-de-prevision\/","og_site_name":"Marketing Agency","article_modified_time":"2026-02-18T23:22:17+00:00","twitter_card":"summary_large_image","twitter_misc":{"Tiempo de lectura":"1 minuto"},"schema":{"@context":"https:\/\/schema.org","@graph":[{"@type":"WebPage","@id":"https:\/\/grossman.paginas24x7.com\/index.php\/planes-de-prevision\/","url":"https:\/\/grossman.paginas24x7.com\/index.php\/planes-de-prevision\/","name":"Planes de prevision - Marketing Agency","isPartOf":{"@id":"https:\/\/grossman.paginas24x7.com\/#website"},"datePublished":"2026-02-18T19:11:49+00:00","dateModified":"2026-02-18T23:22:17+00:00","description":"Planes de previsi\u00f3n funerarios con respeto, confianza y tranquilidad para tu familia.","breadcrumb":{"@id":"https:\/\/grossman.paginas24x7.com\/index.php\/planes-de-prevision\/#breadcrumb"},"inLanguage":"es","potentialAction":[{"@type":"ReadAction","target":["https:\/\/grossman.paginas24x7.com\/index.php\/planes-de-prevision\/"]}]},{"@type":"BreadcrumbList","@id":"https:\/\/grossman.paginas24x7.com\/index.php\/planes-de-prevision\/#breadcrumb","itemListElement":[{"@type":"ListItem","position":1,"name":"Portada","item":"https:\/\/grossman.paginas24x7.com\/"},{"@type":"ListItem","position":2,"name":"Planes de prevision"}]},{"@type":"WebSite","@id":"https:\/\/grossman.paginas24x7.com\/#website","url":"https:\/\/grossman.paginas24x7.com\/","name":"Marketing Agency","description":"Somos una empresa funeraria con amplia experiencia en el sector, comprometida en brindar acompa\u00f1amiento digno, respetuoso y humano a las familias en los momentos m\u00e1s sensibles de la vida. Contamos con un equipo de profesionales capacitados y con instalaciones propias que nos permiten ofrecer un servicio integral, confiable y oportuno.","publisher":{"@id":"https:\/\/grossman.paginas24x7.com\/#organization"},"potentialAction":[{"@type":"SearchAction","target":{"@type":"EntryPoint","urlTemplate":"https:\/\/grossman.paginas24x7.com\/?s={search_term_string}"},"query-input":{"@type":"PropertyValueSpecification","valueRequired":true,"valueName":"search_term_string"}}],"inLanguage":"es"},{"@type":"Organization","@id":"https:\/\/grossman.paginas24x7.com\/#organization","name":"Marketing Agency","url":"https:\/\/grossman.paginas24x7.com\/","logo":{"@type":"ImageObject","inLanguage":"es","@id":"https:\/\/grossman.paginas24x7.com\/#\/schema\/logo\/image\/","url":"https:\/\/grossman.paginas24x7.com\/wp-content\/uploads\/2026\/02\/Copilot_20260217_081414-e1771364180764.png","contentUrl":"https:\/\/grossman.paginas24x7.com\/wp-content\/uploads\/2026\/02\/Copilot_20260217_081414-e1771364180764.png","width":200,"height":133,"caption":"Marketing Agency"},"image":{"@id":"https:\/\/grossman.paginas24x7.com\/#\/schema\/logo\/image\/"}}]}},"_links":{"self":[{"href":"https:\/\/grossman.paginas24x7.com\/index.php\/wp-json\/wp\/v2\/pages\/648","targetHints":{"allow":["GET"]}}],"collection":[{"href":"https:\/\/grossman.paginas24x7.com\/index.php\/wp-json\/wp\/v2\/pages"}],"about":[{"href":"https:\/\/grossman.paginas24x7.com\/index.php\/wp-json\/wp\/v2\/types\/page"}],"author":[{"embeddable":true,"href":"https:\/\/grossman.paginas24x7.com\/index.php\/wp-json\/wp\/v2\/users\/1"}],"replies":[{"embeddable":true,"href":"https:\/\/grossman.paginas24x7.com\/index.php\/wp-json\/wp\/v2\/comments?post=648"}],"version-history":[{"count":49,"href":"https:\/\/grossman.paginas24x7.com\/index.php\/wp-json\/wp\/v2\/pages\/648\/revisions"}],"predecessor-version":[{"id":768,"href":"https:\/\/grossman.paginas24x7.com\/index.php\/wp-json\/wp\/v2\/pages\/648\/revisions\/768"}],"wp:attachment":[{"href":"https:\/\/grossman.paginas24x7.com\/index.php\/wp-json\/wp\/v2\/media?parent=648"}],"curies":[{"name":"wp","href":"https:\/\/api.w.org\/{rel}","templated":true}]}}